{"id":9467,"date":"2025-03-26T12:08:28","date_gmt":"2025-03-26T17:08:28","guid":{"rendered":"https:\/\/seewhylearning.com\/?post_type=product&#038;p=9467"},"modified":"2026-03-30T13:40:44","modified_gmt":"2026-03-30T17:40:44","slug":"cours-sur-lassurance-contre-la-maladie-ou-les-accidents-canada-wfg","status":"publish","type":"product","link":"https:\/\/seewhylearning.com\/fr\/product\/cours-sur-lassurance-contre-la-maladie-ou-les-accidents-canada-wfg\/","title":{"rendered":"Cours sur l\u2019assurance contre la maladie ou les accidents (Canada) &#8211; WFG"},"content":{"rendered":"<p>Ce cours est con\u00e7u pour les \u00e9tudiants qui ne s\u2019int\u00e9ressent qu\u2019aux produits d\u2019assurance contre les accidents et la maladie. SeeWhy Learning offre des outils d\u2019apprentissage pour aider les \u00e9tudiants \u00e0 r\u00e9ussir les examens d\u2019obtention du permis de leur province. SeeWhy Learning aide les \u00e9tudiants \u00e0 se familiariser avec le mat\u00e9riel didactique de l\u2019organisme de r\u00e9glementation et \u00e0 d\u00e9cortiquer les concepts complexes, en plus de leur fournir les connaissances et les comp\u00e9tences n\u00e9cessaires pour d\u00e9marrer leur carri\u00e8re sur des bases solides \u00e0 titre de professionnels de l\u2019assurance.<\/p>\n<div class=\"hide-div hidden-lg hidden-md hidden-sm\"><strong>Remarque importante :<\/strong>\u00a0Les inscriptions au PQAP sont non remboursables. Chaque inscription entra\u00eene des co\u00fbts imm\u00e9diats et irr\u00e9versibles pour SeeWhy Learning d\u00e8s son traitement. Nous encourageons vivement tous les \u00e9tudiants \u00e0 s&rsquo;assurer qu&rsquo;ils sont pr\u00eats \u00e0 commencer le programme avant de finaliser leur inscription. Si vous avez des questions ou si vous avez besoin d\u2019aide pour d\u00e9terminer si c\u2019est le bon moment pour vous inscrire, n\u2019h\u00e9sitez pas \u00e0 nous contacter, nous serons ravis de vous accompagner !<\/div>\n","protected":false},"excerpt":{"rendered":"<p>Ce cours est con\u00e7u pour les \u00e9tudiants qui ne s\u2019int\u00e9ressent qu\u2019aux produits d\u2019assurance contre les accidents et la maladie. SeeWhy Learning offre des outils d\u2019apprentissage pour aider les \u00e9tudiants \u00e0 r\u00e9ussir les examens d\u2019obtention du permis de leur province. SeeWhy Learning aide les \u00e9tudiants \u00e0 se familiariser avec le mat\u00e9riel didactique de l\u2019organisme de r\u00e9glementation et \u00e0 d\u00e9cortiquer les concepts\u2026<\/p>\n","protected":false},"featured_media":0,"comment_status":"closed","ping_status":"closed","template":"","meta":{"_acf_changed":false},"study_tools":[176,178,177],"product_brand":[],"product_cat":[163,170],"product_tag":[],"class_list":{"0":"post-9467","1":"product","2":"type-product","3":"status-publish","5":"study_tools-cours-de-preparation-aux-examens-incluant-des-videos-et-des-quiz","6":"study_tools-disponible-manuels-imprimes","7":"study_tools-examens-de-certification-surveilles-a-distance-sur-ordinateur","8":"product_cat-llqp-fr","9":"product_cat-llqp-wfg-fr","10":"no-post-thumbnail","12":"first","13":"instock","14":"taxable","15":"shipping-taxable","16":"purchasable","17":"product-type-variable-subscription"},"acf":[],"_links":{"self":[{"href":"https:\/\/seewhylearning.com\/fr\/wp-json\/wp\/v2\/product\/9467","targetHints":{"allow":["GET"]}}],"collection":[{"href":"https:\/\/seewhylearning.com\/fr\/wp-json\/wp\/v2\/product"}],"about":[{"href":"https:\/\/seewhylearning.com\/fr\/wp-json\/wp\/v2\/types\/product"}],"replies":[{"embeddable":true,"href":"https:\/\/seewhylearning.com\/fr\/wp-json\/wp\/v2\/comments?post=9467"}],"wp:attachment":[{"href":"https:\/\/seewhylearning.com\/fr\/wp-json\/wp\/v2\/media?parent=9467"}],"wp:term":[{"taxonomy":"study_tools","embeddable":true,"href":"https:\/\/seewhylearning.com\/fr\/wp-json\/wp\/v2\/study_tools?post=9467"},{"taxonomy":"product_brand","embeddable":true,"href":"https:\/\/seewhylearning.com\/fr\/wp-json\/wp\/v2\/product_brand?post=9467"},{"taxonomy":"product_cat","embeddable":true,"href":"https:\/\/seewhylearning.com\/fr\/wp-json\/wp\/v2\/product_cat?post=9467"},{"taxonomy":"product_tag","embeddable":true,"href":"https:\/\/seewhylearning.com\/fr\/wp-json\/wp\/v2\/product_tag?post=9467"}],"curies":[{"name":"wp","href":"https:\/\/api.w.org\/{rel}","templated":true}]}}