{"id":9439,"date":"2025-03-26T15:55:42","date_gmt":"2025-03-26T20:55:42","guid":{"rendered":"https:\/\/seewhylearning.com\/?post_type=product&#038;p=9439"},"modified":"2026-02-12T11:40:41","modified_gmt":"2026-02-12T16:40:41","slug":"programme-de-qualification-en-assurance-de-personnes-common-law-wfg","status":"publish","type":"product","link":"https:\/\/seewhylearning.com\/fr\/product\/programme-de-qualification-en-assurance-de-personnes-common-law-wfg\/","title":{"rendered":"Programme de qualification en assurance de personnes (common law) &#8211; WFG"},"content":{"rendered":"<p>L\u2019inscription initiale de 79,99 $ inclut les frais de l\u2019organisme de r\u00e9glementation ainsi que 60 jours d\u2019acc\u00e8s. Par la suite, des frais de 29,99 $ seront factur\u00e9s tous les 30 jours pour maintenir l\u2019acc\u00e8s, jusqu\u2019\u00e0 ce que vous d\u00e9cidiez de mettre fin \u00e0 votre inscription.<\/p>\n<p>&nbsp;<\/p>\n<p><strong>Certification &amp; Licence<\/strong><br \/>\nAfin d\u2019obtenir une licence de vente d\u2019assurance vie et d\u2019assurance contre la maladie ou les accidents au Canada (excluant le Qu\u00e9bec), les candidats doivent r\u00e9ussir les examens provinciaux du PQAP. Le programme de formation d\u2019assurance vie de SeeWhy Learning est con\u00e7u pour s\u2019aligner sur l\u2019\u00e9ducation provinciale, ce qui aide les candidats \u00e0 bien se pr\u00e9parer \u00e0 ces examens avec confiance.<\/p>\n<p>&nbsp;<\/p>\n<p><strong>Modules de cours :<\/strong><\/p>\n<p>D\u00e9ontologie et pratique professionnelle Canada<br \/>\nFonds distincts et rentes<br \/>\nAssurance contre la maladie ou les accidents<br \/>\nAssurance Vie<\/p>\n<p><strong>Remarque importante :<\/strong>\u00a0Les inscriptions au PQAP sont non remboursables. Chaque inscription entra\u00eene des co\u00fbts imm\u00e9diats et irr\u00e9versibles pour SeeWhy Learning d\u00e8s son traitement. Nous encourageons vivement tous les \u00e9tudiants \u00e0 s\u2019assurer qu\u2019ils sont pr\u00eats \u00e0 commencer le programme avant de finaliser leur inscription. Si vous avez des questions ou si vous avez besoin d\u2019aide pour d\u00e9terminer si c\u2019est le bon moment pour vous inscrire, n\u2019h\u00e9sitez pas \u00e0 nous contacter, nous serons ravis de vous accompagner !<\/p>\n","protected":false},"excerpt":{"rendered":"<p>L\u2019inscription initiale de 79,99 $ inclut les frais de l\u2019organisme de r\u00e9glementation ainsi que 60 jours d\u2019acc\u00e8s. Par la suite, des frais de 29,99 $ seront factur\u00e9s tous les 30 jours pour maintenir l\u2019acc\u00e8s, jusqu\u2019\u00e0 ce que vous d\u00e9cidiez de mettre fin \u00e0 votre inscription. &nbsp; Certification &amp; Licence Afin d\u2019obtenir une licence de vente d\u2019assurance vie et d\u2019assurance contre\u2026<\/p>\n","protected":false},"featured_media":0,"comment_status":"closed","ping_status":"closed","template":"","meta":{"_acf_changed":false},"study_tools":[176,178,177],"product_brand":[],"product_cat":[170,163],"product_tag":[],"class_list":{"0":"post-9439","1":"product","2":"type-product","3":"status-publish","5":"study_tools-cours-de-preparation-aux-examens-incluant-des-videos-et-des-quiz","6":"study_tools-disponible-manuels-imprimes","7":"study_tools-examens-de-certification-surveilles-a-distance-sur-ordinateur","8":"product_cat-llqp-wfg-fr","9":"product_cat-llqp-fr","10":"no-post-thumbnail","12":"first","13":"instock","14":"taxable","15":"shipping-taxable","16":"purchasable","17":"product-type-variable-subscription"},"acf":[],"_links":{"self":[{"href":"https:\/\/seewhylearning.com\/fr\/wp-json\/wp\/v2\/product\/9439","targetHints":{"allow":["GET"]}}],"collection":[{"href":"https:\/\/seewhylearning.com\/fr\/wp-json\/wp\/v2\/product"}],"about":[{"href":"https:\/\/seewhylearning.com\/fr\/wp-json\/wp\/v2\/types\/product"}],"replies":[{"embeddable":true,"href":"https:\/\/seewhylearning.com\/fr\/wp-json\/wp\/v2\/comments?post=9439"}],"wp:attachment":[{"href":"https:\/\/seewhylearning.com\/fr\/wp-json\/wp\/v2\/media?parent=9439"}],"wp:term":[{"taxonomy":"study_tools","embeddable":true,"href":"https:\/\/seewhylearning.com\/fr\/wp-json\/wp\/v2\/study_tools?post=9439"},{"taxonomy":"product_brand","embeddable":true,"href":"https:\/\/seewhylearning.com\/fr\/wp-json\/wp\/v2\/product_brand?post=9439"},{"taxonomy":"product_cat","embeddable":true,"href":"https:\/\/seewhylearning.com\/fr\/wp-json\/wp\/v2\/product_cat?post=9439"},{"taxonomy":"product_tag","embeddable":true,"href":"https:\/\/seewhylearning.com\/fr\/wp-json\/wp\/v2\/product_tag?post=9439"}],"curies":[{"name":"wp","href":"https:\/\/api.w.org\/{rel}","templated":true}]}}