{"id":9323,"date":"2025-03-24T17:15:12","date_gmt":"2025-03-24T22:15:12","guid":{"rendered":"https:\/\/seewhylearning.com\/?post_type=product&#038;p=9323"},"modified":"2026-02-11T11:47:41","modified_gmt":"2026-02-11T16:47:41","slug":"complement-dassurance-accident-et-maladie-a-lassurance-vie-complete","status":"publish","type":"product","link":"https:\/\/seewhylearning.com\/fr\/product\/complement-dassurance-accident-et-maladie-a-lassurance-vie-complete\/","title":{"rendered":"Compl\u00e9ment d&rsquo;assurance accident et maladie \u00e0 l&rsquo;assurance vie compl\u00e8te"},"content":{"rendered":"<p><strong>Remarque importante :<\/strong>\u00a0Les inscriptions au PQAP sont non remboursables. Chaque inscription entra\u00eene des co\u00fbts imm\u00e9diats et irr\u00e9versibles pour SeeWhy Learning d\u00e8s son traitement. Nous encourageons vivement tous les \u00e9tudiants \u00e0 s\u2019assurer qu\u2019ils sont pr\u00eats \u00e0 commencer le programme avant de finaliser leur inscription. Si vous avez des questions ou si vous avez besoin d\u2019aide pour d\u00e9terminer si c\u2019est le bon moment pour vous inscrire, n\u2019h\u00e9sitez pas \u00e0 nous contacter, nous serons ravis de vous accompagner !<\/p>\n","protected":false},"excerpt":{"rendered":"<p>Remarque importante :\u00a0Les inscriptions au PQAP sont non remboursables. Chaque inscription entra\u00eene des co\u00fbts imm\u00e9diats et irr\u00e9versibles pour SeeWhy Learning d\u00e8s son traitement. Nous encourageons vivement tous les \u00e9tudiants \u00e0 s\u2019assurer qu\u2019ils sont pr\u00eats \u00e0 commencer le programme avant de finaliser leur inscription. Si vous avez des questions ou si vous avez besoin d\u2019aide pour d\u00e9terminer si c\u2019est le bon\u2026<\/p>\n","protected":false},"featured_media":0,"comment_status":"closed","ping_status":"closed","template":"","meta":{"_acf_changed":false},"study_tools":[146,147,159],"product_brand":[],"product_cat":[163],"product_tag":[],"class_list":{"0":"post-9323","1":"product","2":"type-product","3":"status-publish","5":"study_tools-cartes-flash-en-ligne","6":"study_tools-examens-pratiques-en-ligne","7":"study_tools-questionnaires-en-ligne","8":"product_cat-llqp-fr","9":"no-post-thumbnail","11":"first","12":"instock","13":"taxable","14":"shipping-taxable","15":"purchasable","16":"product-type-variable"},"acf":[],"_links":{"self":[{"href":"https:\/\/seewhylearning.com\/fr\/wp-json\/wp\/v2\/product\/9323","targetHints":{"allow":["GET"]}}],"collection":[{"href":"https:\/\/seewhylearning.com\/fr\/wp-json\/wp\/v2\/product"}],"about":[{"href":"https:\/\/seewhylearning.com\/fr\/wp-json\/wp\/v2\/types\/product"}],"replies":[{"embeddable":true,"href":"https:\/\/seewhylearning.com\/fr\/wp-json\/wp\/v2\/comments?post=9323"}],"wp:attachment":[{"href":"https:\/\/seewhylearning.com\/fr\/wp-json\/wp\/v2\/media?parent=9323"}],"wp:term":[{"taxonomy":"study_tools","embeddable":true,"href":"https:\/\/seewhylearning.com\/fr\/wp-json\/wp\/v2\/study_tools?post=9323"},{"taxonomy":"product_brand","embeddable":true,"href":"https:\/\/seewhylearning.com\/fr\/wp-json\/wp\/v2\/product_brand?post=9323"},{"taxonomy":"product_cat","embeddable":true,"href":"https:\/\/seewhylearning.com\/fr\/wp-json\/wp\/v2\/product_cat?post=9323"},{"taxonomy":"product_tag","embeddable":true,"href":"https:\/\/seewhylearning.com\/fr\/wp-json\/wp\/v2\/product_tag?post=9323"}],"curies":[{"name":"wp","href":"https:\/\/api.w.org\/{rel}","templated":true}]}}