{"id":352842,"date":"2025-11-03T18:03:37","date_gmt":"2025-11-03T23:03:37","guid":{"rendered":"https:\/\/seewhylearning.com\/product\/aml-and-ethics-wfg\/"},"modified":"2026-01-14T15:31:07","modified_gmt":"2026-01-14T20:31:07","slug":"aml-and-ethics-wfg","status":"publish","type":"product","link":"https:\/\/seewhylearning.com\/fr\/product\/aml-and-ethics-wfg\/","title":{"rendered":"Renouveler &#8211; L&rsquo;\u00e9thique et la lutte contre le blanchiment d&rsquo;argent"},"content":{"rendered":"<p>Les agents de WFG doivent suivre les cours sur la lutte contre le blanchiment d\u2019argent et sur la conformit\u00e9 en mati\u00e8re d\u2019\u00e9thique tous les deux ans, ou lorsqu\u2019ils r\u00e9int\u00e8grent l\u2019entreprise. Cette inscription donne acc\u00e8s aux deux cours pour une p\u00e9riode de 30 jours.<\/p>\n<p>Cette option convient \u00e9galement aux nouveaux agents de WFG qui n\u2019ont pas compl\u00e9t\u00e9 ces cours pendant leur p\u00e9riode d\u2019abonnement initial au programme LLQP de SeeWhy Learning avant d\u2019annuler leur abonnement.<\/p>\n<p>Veuillez vous assurer de terminer le programme dans le d\u00e9lai de 30 jours. Si les cours ne sont pas compl\u00e9t\u00e9s dans cette p\u00e9riode, une nouvelle inscription sera requise.<\/p>\n<p>&nbsp;<\/p>\n","protected":false},"excerpt":{"rendered":"<p>Les agents de WFG doivent suivre les cours sur la lutte contre le blanchiment d\u2019argent et sur la conformit\u00e9 en mati\u00e8re d\u2019\u00e9thique tous les deux ans, ou lorsqu\u2019ils r\u00e9int\u00e8grent l\u2019entreprise. Cette inscription donne acc\u00e8s aux deux cours pour une p\u00e9riode de 30 jours. Cette option convient \u00e9galement aux nouveaux agents de WFG qui n\u2019ont pas compl\u00e9t\u00e9 ces cours pendant leur\u2026<\/p>\n","protected":false},"featured_media":0,"comment_status":"closed","ping_status":"closed","template":"","meta":{"_acf_changed":false},"study_tools":[],"product_brand":[],"product_cat":[208,184],"product_tag":[],"class_list":{"0":"post-352842","1":"product","2":"type-product","3":"status-publish","5":"product_cat-llqp-wfg-fr-2","6":"product_cat-unlisted-fr","7":"no-post-thumbnail","9":"first","10":"instock","11":"taxable","12":"shipping-taxable","13":"purchasable","14":"product-type-variable"},"acf":[],"_links":{"self":[{"href":"https:\/\/seewhylearning.com\/fr\/wp-json\/wp\/v2\/product\/352842","targetHints":{"allow":["GET"]}}],"collection":[{"href":"https:\/\/seewhylearning.com\/fr\/wp-json\/wp\/v2\/product"}],"about":[{"href":"https:\/\/seewhylearning.com\/fr\/wp-json\/wp\/v2\/types\/product"}],"replies":[{"embeddable":true,"href":"https:\/\/seewhylearning.com\/fr\/wp-json\/wp\/v2\/comments?post=352842"}],"wp:attachment":[{"href":"https:\/\/seewhylearning.com\/fr\/wp-json\/wp\/v2\/media?parent=352842"}],"wp:term":[{"taxonomy":"study_tools","embeddable":true,"href":"https:\/\/seewhylearning.com\/fr\/wp-json\/wp\/v2\/study_tools?post=352842"},{"taxonomy":"product_brand","embeddable":true,"href":"https:\/\/seewhylearning.com\/fr\/wp-json\/wp\/v2\/product_brand?post=352842"},{"taxonomy":"product_cat","embeddable":true,"href":"https:\/\/seewhylearning.com\/fr\/wp-json\/wp\/v2\/product_cat?post=352842"},{"taxonomy":"product_tag","embeddable":true,"href":"https:\/\/seewhylearning.com\/fr\/wp-json\/wp\/v2\/product_tag?post=352842"}],"curies":[{"name":"wp","href":"https:\/\/api.w.org\/{rel}","templated":true}]}}