{"id":2931,"date":"2024-08-14T17:26:59","date_gmt":"2024-08-14T22:26:59","guid":{"rendered":"https:\/\/seewhylearning.com\/product\/fonds-dinvestissement-au-canada\/"},"modified":"2026-01-05T14:08:14","modified_gmt":"2026-01-05T19:08:14","slug":"fonds-dinvestissement-au-canada","status":"publish","type":"product","link":"https:\/\/seewhylearning.com\/fr\/product\/fonds-dinvestissement-au-canada\/","title":{"rendered":"Fonds d\u2019investissement au Canada\u00ae"},"content":{"rendered":"<p class=\"p1\">Le cours Fonds d&rsquo;investissement au Canada\u00ae (FIC\u00ae) offert par CSI\u00ae fournit une compr\u00e9hension compl\u00e8te des fonds communs de placement et des produits d&rsquo;investissement. En r\u00e9ussissant le FIC\u00ae, les participants peuvent devenir des repr\u00e9sentants en \u00e9pargne collective, ce qui leur permet de vendre et de conseiller sur les fonds communs de placement au Canada.<\/p>\n","protected":false},"excerpt":{"rendered":"<p>Le cours Fonds d&rsquo;investissement au Canada\u00ae (FIC\u00ae) offert par CSI\u00ae fournit une compr\u00e9hension compl\u00e8te des fonds communs de placement et des produits d&rsquo;investissement. En r\u00e9ussissant le FIC\u00ae, les participants peuvent devenir des repr\u00e9sentants en \u00e9pargne collective, ce qui leur permet de vendre et de conseiller sur les fonds communs de placement au Canada.<\/p>\n","protected":false},"featured_media":0,"comment_status":"closed","ping_status":"closed","template":"","meta":{"_acf_changed":false},"study_tools":[146,143,147,145,149],"product_brand":[],"product_cat":[139],"product_tag":[],"class_list":{"0":"post-2931","1":"product","2":"type-product","3":"status-publish","5":"study_tools-cartes-flash-en-ligne","6":"study_tools-1000-questions-fr","7":"study_tools-examens-pratiques-en-ligne","8":"study_tools-garantie-de-remboursement","9":"study_tools-guide-detude-en-ligne","10":"product_cat-french-only","11":"no-post-thumbnail","13":"first","14":"instock","15":"taxable","16":"shipping-taxable","17":"purchasable","18":"product-type-variable"},"acf":[],"_links":{"self":[{"href":"https:\/\/seewhylearning.com\/fr\/wp-json\/wp\/v2\/product\/2931","targetHints":{"allow":["GET"]}}],"collection":[{"href":"https:\/\/seewhylearning.com\/fr\/wp-json\/wp\/v2\/product"}],"about":[{"href":"https:\/\/seewhylearning.com\/fr\/wp-json\/wp\/v2\/types\/product"}],"replies":[{"embeddable":true,"href":"https:\/\/seewhylearning.com\/fr\/wp-json\/wp\/v2\/comments?post=2931"}],"wp:attachment":[{"href":"https:\/\/seewhylearning.com\/fr\/wp-json\/wp\/v2\/media?parent=2931"}],"wp:term":[{"taxonomy":"study_tools","embeddable":true,"href":"https:\/\/seewhylearning.com\/fr\/wp-json\/wp\/v2\/study_tools?post=2931"},{"taxonomy":"product_brand","embeddable":true,"href":"https:\/\/seewhylearning.com\/fr\/wp-json\/wp\/v2\/product_brand?post=2931"},{"taxonomy":"product_cat","embeddable":true,"href":"https:\/\/seewhylearning.com\/fr\/wp-json\/wp\/v2\/product_cat?post=2931"},{"taxonomy":"product_tag","embeddable":true,"href":"https:\/\/seewhylearning.com\/fr\/wp-json\/wp\/v2\/product_tag?post=2931"}],"curies":[{"name":"wp","href":"https:\/\/api.w.org\/{rel}","templated":true}]}}