{"id":22825,"date":"2025-07-09T14:02:18","date_gmt":"2025-07-09T18:02:18","guid":{"rendered":"https:\/\/seewhylearning.com\/?post_type=product&#038;p=22825"},"modified":"2026-03-16T11:05:52","modified_gmt":"2026-03-16T15:05:52","slug":"cours-sur-lassurance-contre-la-maladie-ou-les-accidents-common-law-greatway","status":"publish","type":"product","link":"https:\/\/seewhylearning.com\/fr\/product\/cours-sur-lassurance-contre-la-maladie-ou-les-accidents-common-law-greatway\/","title":{"rendered":"Cours sur l\u2019assurance contre la maladie ou les accidents (common law) &#8211; GWF"},"content":{"rendered":"<p><strong>PQAP Assurance contre la maladie ou les accidents \u2013 Toutes les Provinces Excluant le Qu\u00e9bec<\/strong><br \/>\nCe programme est id\u00e9al pour les personnes qui souhaitent se sp\u00e9cialiser dans le domaine de l\u2019assurance contre la maladie ou les accidents et de b\u00e2tir une carri\u00e8re r\u00e9ussie dans le secteur de l&rsquo;assurance partout au Canada, \u00e0 l&rsquo;exclusion du Qu\u00e9bec. La formation sur l\u2019assurance contre la maladie ou les accidents de SeeWhy Learning offre une compr\u00e9hension globale des produits d\u2019assurance contre la maladie ou les accidents, des r\u00e8glements de l\u2019industrie, de l\u2019\u00e9thique et des responsabilit\u00e9s professionnelles requises pour servir les clients dans toutes les provinces et tous les territoires \u00e0 l\u2019exclusion du Qu\u00e9bec.<\/p>\n<p><strong>Certification &amp; Licences<\/strong><br \/>\nAfin d\u2019obtenir une licence de vente d\u2019assurance contre la maladie ou les accidents au Canada (\u00e0 l&rsquo;exclusion de Qu\u00e9bec), les candidats doivent r\u00e9ussir les examens provinciaux du PQAP. Le cours d\u2019assurance contre la maladie ou les accidents de SeeWhy Learning est con\u00e7u pour s&rsquo;aligner sur les exigences provinciales en mati\u00e8re d&rsquo;\u00e9ducation, ce qui aide les candidats \u00e0 bien se pr\u00e9parer \u00e0 ces examens en toute confiance.<\/p>\n<p><strong>Modules de cours :<\/strong><\/p>\n<p>D\u00e9ontologie et pratique professionnelle Canada<br \/>\nAssurance contre la maladie ou les accidents<\/p>\n<p><strong>Remarque importante :<\/strong>\u00a0Les inscriptions au PQAP sont non remboursables. Chaque inscription entra\u00eene des co\u00fbts imm\u00e9diats et irr\u00e9versibles pour SeeWhy Learning d\u00e8s son traitement. Nous encourageons vivement tous les \u00e9tudiants \u00e0 s&rsquo;assurer qu&rsquo;ils sont pr\u00eats \u00e0 commencer le programme avant de finaliser leur inscription. Si vous avez des questions ou si vous avez besoin d\u2019aide pour d\u00e9terminer si c\u2019est le bon moment pour vous inscrire, n\u2019h\u00e9sitez pas \u00e0 nous contacter, nous serons ravis de vous accompagner !<\/p>\n","protected":false},"excerpt":{"rendered":"<p>PQAP Assurance contre la maladie ou les accidents \u2013 Toutes les Provinces Excluant le Qu\u00e9bec Ce programme est id\u00e9al pour les personnes qui souhaitent se sp\u00e9cialiser dans le domaine de l\u2019assurance contre la maladie ou les accidents et de b\u00e2tir une carri\u00e8re r\u00e9ussie dans le secteur de l&rsquo;assurance partout au Canada, \u00e0 l&rsquo;exclusion du Qu\u00e9bec. La formation sur l\u2019assurance contre\u2026<\/p>\n","protected":false},"featured_media":0,"comment_status":"closed","ping_status":"closed","template":"","meta":{"_acf_changed":false},"study_tools":[176,178,177],"product_brand":[],"product_cat":[185,163],"product_tag":[],"class_list":{"0":"post-22825","1":"product","2":"type-product","3":"status-publish","5":"study_tools-cours-de-preparation-aux-examens-incluant-des-videos-et-des-quiz","6":"study_tools-disponible-manuels-imprimes","7":"study_tools-examens-de-certification-surveilles-a-distance-sur-ordinateur","8":"product_cat-llqp-greatway-fr","9":"product_cat-llqp-fr","10":"no-post-thumbnail","12":"first","13":"instock","14":"taxable","15":"shipping-taxable","16":"purchasable","17":"product-type-variable"},"acf":[],"_links":{"self":[{"href":"https:\/\/seewhylearning.com\/fr\/wp-json\/wp\/v2\/product\/22825","targetHints":{"allow":["GET"]}}],"collection":[{"href":"https:\/\/seewhylearning.com\/fr\/wp-json\/wp\/v2\/product"}],"about":[{"href":"https:\/\/seewhylearning.com\/fr\/wp-json\/wp\/v2\/types\/product"}],"replies":[{"embeddable":true,"href":"https:\/\/seewhylearning.com\/fr\/wp-json\/wp\/v2\/comments?post=22825"}],"wp:attachment":[{"href":"https:\/\/seewhylearning.com\/fr\/wp-json\/wp\/v2\/media?parent=22825"}],"wp:term":[{"taxonomy":"study_tools","embeddable":true,"href":"https:\/\/seewhylearning.com\/fr\/wp-json\/wp\/v2\/study_tools?post=22825"},{"taxonomy":"product_brand","embeddable":true,"href":"https:\/\/seewhylearning.com\/fr\/wp-json\/wp\/v2\/product_brand?post=22825"},{"taxonomy":"product_cat","embeddable":true,"href":"https:\/\/seewhylearning.com\/fr\/wp-json\/wp\/v2\/product_cat?post=22825"},{"taxonomy":"product_tag","embeddable":true,"href":"https:\/\/seewhylearning.com\/fr\/wp-json\/wp\/v2\/product_tag?post=22825"}],"curies":[{"name":"wp","href":"https:\/\/api.w.org\/{rel}","templated":true}]}}