{"id":9450,"date":"2025-03-26T11:09:09","date_gmt":"2025-03-26T16:09:09","guid":{"rendered":"https:\/\/seewhylearning.com\/?page_id=9450"},"modified":"2025-04-07T08:31:39","modified_gmt":"2025-04-07T13:31:39","slug":"primerica-mutual-funds-form-french","status":"publish","type":"page","link":"https:\/\/seewhylearning.com\/fr\/primerica-mutual-funds-form-french\/","title":{"rendered":"Primerica Mutual Funds Form (French)"},"content":{"rendered":"<div id=\"cs-content\" class=\"cs-content\"><\/div>\n","protected":false},"excerpt":{"rendered":"<p>Formulaire d&rsquo;inscription Associ&eacute; PrimericaOutils d&rsquo;&eacute;tude des fonds communs de placementPour profiter de cette escompte, vous devez \u00eatre un associ\u00e9 de Primerica. Si vous \u00eates d\u00e9j\u00e0 inscrit,et vous avez pay\u00e9 et re\u00e7u votre nom d&rsquo;utilisateur et votre mot de passe de connexion par courriel, utilisez le lien ci-dessus ou\u00a0cliquez ici pour vous connecter Si vous n&rsquo;avez pas re\u00e7u vos informations de\u2026<\/p>\n","protected":false},"author":1,"featured_media":0,"parent":0,"menu_order":0,"comment_status":"closed","ping_status":"closed","template":"template-blank-4.php","meta":{"_acf_changed":false,"footnotes":""},"class_list":["post-9450","page","type-page","status-publish","hentry","no-post-thumbnail"],"acf":[],"_links":{"self":[{"href":"https:\/\/seewhylearning.com\/fr\/wp-json\/wp\/v2\/pages\/9450","targetHints":{"allow":["GET"]}}],"collection":[{"href":"https:\/\/seewhylearning.com\/fr\/wp-json\/wp\/v2\/pages"}],"about":[{"href":"https:\/\/seewhylearning.com\/fr\/wp-json\/wp\/v2\/types\/page"}],"author":[{"embeddable":true,"href":"https:\/\/seewhylearning.com\/fr\/wp-json\/wp\/v2\/users\/1"}],"replies":[{"embeddable":true,"href":"https:\/\/seewhylearning.com\/fr\/wp-json\/wp\/v2\/comments?post=9450"}],"version-history":[{"count":7,"href":"https:\/\/seewhylearning.com\/fr\/wp-json\/wp\/v2\/pages\/9450\/revisions"}],"predecessor-version":[{"id":10113,"href":"https:\/\/seewhylearning.com\/fr\/wp-json\/wp\/v2\/pages\/9450\/revisions\/10113"}],"wp:attachment":[{"href":"https:\/\/seewhylearning.com\/fr\/wp-json\/wp\/v2\/media?parent=9450"}],"curies":[{"name":"wp","href":"https:\/\/api.w.org\/{rel}","templated":true}]}}