{"id":9017,"date":"2025-03-19T15:50:12","date_gmt":"2025-03-19T19:50:12","guid":{"rendered":"https:\/\/seewhylearning.com\/llqp-options\/"},"modified":"2026-04-08T16:13:56","modified_gmt":"2026-04-08T20:13:56","slug":"llqp","status":"publish","type":"page","link":"https:\/\/seewhylearning.com\/fr\/llqp\/","title":{"rendered":"LLQP &#8211; Options"},"content":{"rendered":"<div id=\"cs-content\" class=\"cs-content\"><\/div>\n","protected":false},"excerpt":{"rendered":"<p>LLQP Courses Choisissez o\u00f9 vous serez licenci\u00e9 O\u00f9 serez-vous licenci\u00e9 ? Toutes les provinces sauf le Qu\u00e9bec (Droit Commun) Tout le Canada (incluant Qu\u00e9bec) Qu\u00e9bec seulement (Code Civil) PQAP\u00ae Programme de qualification en assurance de personnes (Canada) PQAP Assurance Vie \u2013 Toutes les Provinces incluant le Qu\u00e9bec Ce programme est id\u00e9al pour les personnes qui souhaitent se sp\u00e9cialiser dans l&rsquo;assurance\u2026<\/p>\n","protected":false},"author":1,"featured_media":0,"parent":0,"menu_order":0,"comment_status":"closed","ping_status":"closed","template":"template-blank-4.php","meta":{"_acf_changed":false,"footnotes":""},"class_list":["post-9017","page","type-page","status-publish","hentry","no-post-thumbnail"],"acf":[],"_links":{"self":[{"href":"https:\/\/seewhylearning.com\/fr\/wp-json\/wp\/v2\/pages\/9017","targetHints":{"allow":["GET"]}}],"collection":[{"href":"https:\/\/seewhylearning.com\/fr\/wp-json\/wp\/v2\/pages"}],"about":[{"href":"https:\/\/seewhylearning.com\/fr\/wp-json\/wp\/v2\/types\/page"}],"author":[{"embeddable":true,"href":"https:\/\/seewhylearning.com\/fr\/wp-json\/wp\/v2\/users\/1"}],"replies":[{"embeddable":true,"href":"https:\/\/seewhylearning.com\/fr\/wp-json\/wp\/v2\/comments?post=9017"}],"version-history":[{"count":14,"href":"https:\/\/seewhylearning.com\/fr\/wp-json\/wp\/v2\/pages\/9017\/revisions"}],"predecessor-version":[{"id":630961,"href":"https:\/\/seewhylearning.com\/fr\/wp-json\/wp\/v2\/pages\/9017\/revisions\/630961"}],"wp:attachment":[{"href":"https:\/\/seewhylearning.com\/fr\/wp-json\/wp\/v2\/media?parent=9017"}],"curies":[{"name":"wp","href":"https:\/\/api.w.org\/{rel}","templated":true}]}}