{"id":62468,"date":"2025-06-12T15:53:54","date_gmt":"2025-06-12T19:53:54","guid":{"rendered":"https:\/\/seewhylearning.com\/llqp-faqs-french\/"},"modified":"2025-08-05T14:38:23","modified_gmt":"2025-08-05T18:38:23","slug":"pqap-faqs","status":"publish","type":"page","link":"https:\/\/seewhylearning.com\/fr\/pqap-faqs\/","title":{"rendered":"Foire aux questions PQAP"},"content":{"rendered":"<div id=\"cs-content\" class=\"cs-content\"><\/div>\n","protected":false},"excerpt":{"rendered":"<p>SeeWhy Learning Foire aux questions PQAPComment puis-je m&rsquo;inscrire \u00e0 un cours du PQAP? Visitez seewhylearning.com S\u00e9lectionnez PQAP Choisissez la province ou le territoire o\u00f9 vous obtiendrez un permis d&rsquo;exercice. S\u00e9lectionnez la cat\u00e9gorie d&rsquo;inscription appropri\u00e9e Cliquez sur Acheter maintenant Ajoutez les mises \u00e0 niveau de votre choix, telles que : Le\u00e7ons vid\u00e9o d&rsquo;apprentissage en ligne Manuels scolaires imprim\u00e9s Guides d&rsquo;\u00e9tude imprim\u00e9s\u2026<\/p>\n","protected":false},"author":1,"featured_media":0,"parent":0,"menu_order":0,"comment_status":"closed","ping_status":"closed","template":"template-blank-4.php","meta":{"_acf_changed":false,"footnotes":""},"class_list":["post-62468","page","type-page","status-publish","hentry","no-post-thumbnail"],"acf":[],"_links":{"self":[{"href":"https:\/\/seewhylearning.com\/fr\/wp-json\/wp\/v2\/pages\/62468","targetHints":{"allow":["GET"]}}],"collection":[{"href":"https:\/\/seewhylearning.com\/fr\/wp-json\/wp\/v2\/pages"}],"about":[{"href":"https:\/\/seewhylearning.com\/fr\/wp-json\/wp\/v2\/types\/page"}],"author":[{"embeddable":true,"href":"https:\/\/seewhylearning.com\/fr\/wp-json\/wp\/v2\/users\/1"}],"replies":[{"embeddable":true,"href":"https:\/\/seewhylearning.com\/fr\/wp-json\/wp\/v2\/comments?post=62468"}],"version-history":[{"count":4,"href":"https:\/\/seewhylearning.com\/fr\/wp-json\/wp\/v2\/pages\/62468\/revisions"}],"predecessor-version":[{"id":62523,"href":"https:\/\/seewhylearning.com\/fr\/wp-json\/wp\/v2\/pages\/62468\/revisions\/62523"}],"wp:attachment":[{"href":"https:\/\/seewhylearning.com\/fr\/wp-json\/wp\/v2\/media?parent=62468"}],"curies":[{"name":"wp","href":"https:\/\/api.w.org\/{rel}","templated":true}]}}