{"id":577559,"date":"2026-02-19T10:42:52","date_gmt":"2026-02-19T15:42:52","guid":{"rendered":"https:\/\/seewhylearning.com\/greatway-new-french\/"},"modified":"2026-02-19T11:08:10","modified_gmt":"2026-02-19T16:08:10","slug":"greatway-fr","status":"publish","type":"page","link":"https:\/\/seewhylearning.com\/fr\/greatway-fr\/","title":{"rendered":"Greatway"},"content":{"rendered":"<div id=\"cs-content\" class=\"cs-content\"><\/div>\n","protected":false},"excerpt":{"rendered":"<p>LLQP Cours For English Click Here Important: l&rsquo;adh\u00e9sion \u00e0 Greatway doit \u00eatre compl\u00e9t\u00e9e avant l&rsquo;inscription. Pour acc\u00e9der aux prix sp\u00e9ciaux de Greatway Financial, veuillez fournir vos informations d&rsquo;\u00e9tudiant ci-dessous. Remarque: L&rsquo;adh\u00e9sion \u00e0 Greatway doit \u00eatre compl\u00e9t\u00e9e avant l&rsquo;inscription. La personne qui vous a invit\u00e9 \u00e0 Greatway * Greatway Membership Order ID (as shown on your receipt) * Access Special Pricing\u2026<\/p>\n","protected":false},"author":1,"featured_media":0,"parent":0,"menu_order":0,"comment_status":"closed","ping_status":"closed","template":"template-blank-4.php","meta":{"_acf_changed":false,"footnotes":""},"class_list":["post-577559","page","type-page","status-publish","hentry","no-post-thumbnail"],"acf":[],"_links":{"self":[{"href":"https:\/\/seewhylearning.com\/fr\/wp-json\/wp\/v2\/pages\/577559","targetHints":{"allow":["GET"]}}],"collection":[{"href":"https:\/\/seewhylearning.com\/fr\/wp-json\/wp\/v2\/pages"}],"about":[{"href":"https:\/\/seewhylearning.com\/fr\/wp-json\/wp\/v2\/types\/page"}],"author":[{"embeddable":true,"href":"https:\/\/seewhylearning.com\/fr\/wp-json\/wp\/v2\/users\/1"}],"replies":[{"embeddable":true,"href":"https:\/\/seewhylearning.com\/fr\/wp-json\/wp\/v2\/comments?post=577559"}],"version-history":[{"count":6,"href":"https:\/\/seewhylearning.com\/fr\/wp-json\/wp\/v2\/pages\/577559\/revisions"}],"predecessor-version":[{"id":577676,"href":"https:\/\/seewhylearning.com\/fr\/wp-json\/wp\/v2\/pages\/577559\/revisions\/577676"}],"wp:attachment":[{"href":"https:\/\/seewhylearning.com\/fr\/wp-json\/wp\/v2\/media?parent=577559"}],"curies":[{"name":"wp","href":"https:\/\/api.w.org\/{rel}","templated":true}]}}